{"id":19,"date":"2014-01-31T20:56:17","date_gmt":"2014-01-31T19:56:17","guid":{"rendered":"http:\/\/brandbergenstrafikskola.se\/wp\/?page_id=19"},"modified":"2014-01-31T22:49:27","modified_gmt":"2014-01-31T21:49:27","slug":"ta-korkort","status":"publish","type":"page","link":"https:\/\/bratrafik.se\/?page_id=19","title":{"rendered":"Ta k\u00f6rkort"},"content":{"rendered":"<p>M\u00e5let med\u00a0 k\u00f6rkortsutbildningen \u00e4r att du skall klara de prov som v\u00e4gverket anordnar i form\u00a0 av ett teoriprov och ett k\u00f6rprov innan k\u00f6rkortet \u00e4r ditt. Allt det som beh\u00f6ver\u00a0 g\u00f6ras fram till k\u00f6rkortet hj\u00e4lper vi dig med n\u00e4r du tar kontakt med\u00a0 oss.<\/p>\n<h3>\u00d6vningsk\u00f6rning<\/h3>\n<p>Innan du b\u00f6rjar \u00f6vningsk\u00f6ra\u00a0 beh\u00f6ver du ett k\u00f6rkortstillst\u00e5nd.\u00a0\u00a0 Du beh\u00f6ver ocks\u00e5 g\u00f6ra en\u00a0 synpr\u00f6vning d\u00e4r du f\u00e5r ett intyg som utg\u00f6r bilaga till ans\u00f6kan om\u00a0 k\u00f6rkortstillst\u00e5ndet.<\/p>\n<p>Best\u00e4ll blankett\/ans\u00f6k h\u00e4r:\u00a0 <a href=\"http:\/\/www.korkortsportalen.se\/e-tjanster-blanketter\/Information-om-ansokan-om-korkortstillstand-for-grupp-\/\" target=\"_blank\">Ans\u00f6kan k\u00f6rkortstillst\u00e5nd<\/a><\/p>\n<p>\u00d6vningsk\u00f6r du privat m\u00e5ste din handledare f\u00f6rst ha ett handledartillst\u00e5nd. F\u00f6r att bli\u00a0 handledare kr\u00e4vs dock en genomf\u00f6rd handledarutbildning.\u00a0 \u00c4ven du som skall\u00a0 \u00f6vningsk\u00f6ra m\u00e5ste genomf\u00f6ra denna utbildning. Utbildningen kan genomf\u00f6ras p\u00e5\u00a0 Trafikskolan efter f\u00f6ranm\u00e4lan. Ans\u00f6kan om handledarskap g\u00f6r du via\u00a0 k\u00f6rkortsportalen.<\/p>\n<p>Best\u00e4ll blankett\/ans\u00f6k h\u00e4r:\u00a0 <a href=\"http:\/\/www.korkortsportalen.se\/e-tjanster-blanketter\/Ansokan-om-handledarskap-steg-1\/\" target=\"_blank\">Ans\u00f6kan handledarskap<\/a><\/p>\n<h3>Riskutbildning<\/h3>\n<p>Innan du kan genomf\u00f6ra\u00a0 f\u00f6rarprovet p\u00e5 Trafikverket m\u00e5ste du ocks\u00e5 ha genomg\u00e5tt s\u00e4rskild riskutbildning\u00a0 som best\u00e5r av tv\u00e5 delar.<br \/>\nDel 1 \u00e4r en teoretisk del som omfattar alkohol och\u00a0 andra droger, tr\u00f6tthet och andra riskp\u00e5verkande faktorer. Utbildningen skall\u00a0 omfatta minst 3 timmar och denna utbildning kan du genomf\u00f6ra p\u00e5 Trafikskolan\u00a0 efter f\u00f6ranm\u00e4lan.<br \/>\nDel 2 genomf\u00f6rs p\u00e5 en halkbana d\u00e4r k\u00f6rning tr\u00e4nas p\u00e5 halt\u00a0 underlag. Riskutbildningen b\u00f6r g\u00f6ras i ett senare skede av din utbildning f\u00f6r\u00a0 att f\u00e5 ut mesta m\u00f6jliga av denna. Anm\u00e4lan till halkbanan hj\u00e4lper vi dig\u00a0 med.<\/p>\n<h3>F\u00f6rarprovet<\/h3>\n<p>N\u00e4r du klarat av din utbildning\u00a0 enligt ovan \u00e4r det dags att genom-f\u00f6ra f\u00f6rarprovet hos v\u00e4gverket. F\u00f6rarprovet\u00a0 best\u00e5r av teoriprov\/kunskapsprov och k\u00f6rprov. N\u00e4r dessa prov godk\u00e4nts \u00e4r\u00a0 k\u00f6rkortet ditt.<\/p>\n","protected":false},"excerpt":{"rendered":"<p>M\u00e5let med\u00a0 k\u00f6rkortsutbildningen \u00e4r att du skall klara de prov som v\u00e4gverket anordnar i form\u00a0 av ett teoriprov och ett k\u00f6rprov innan k\u00f6rkortet \u00e4r ditt. Allt det som beh\u00f6ver\u00a0 g\u00f6ras fram till k\u00f6rkortet hj\u00e4lper vi dig med n\u00e4r du tar kontakt med\u00a0 oss. \u00d6vningsk\u00f6rning Innan du b\u00f6rjar \u00f6vningsk\u00f6ra\u00a0 beh\u00f6ver du\u2026<\/p>\n<p class=\"continue-reading-button\"> <a class=\"continue-reading-link\" href=\"https:\/\/bratrafik.se\/?page_id=19\">Continue reading<i class=\"crycon-right-dir\"><\/i><\/a><\/p>\n","protected":false},"author":1,"featured_media":0,"parent":0,"menu_order":0,"comment_status":"closed","ping_status":"closed","template":"","meta":[],"_links":{"self":[{"href":"https:\/\/bratrafik.se\/index.php?rest_route=\/wp\/v2\/pages\/19"}],"collection":[{"href":"https:\/\/bratrafik.se\/index.php?rest_route=\/wp\/v2\/pages"}],"about":[{"href":"https:\/\/bratrafik.se\/index.php?rest_route=\/wp\/v2\/types\/page"}],"author":[{"embeddable":true,"href":"https:\/\/bratrafik.se\/index.php?rest_route=\/wp\/v2\/users\/1"}],"replies":[{"embeddable":true,"href":"https:\/\/bratrafik.se\/index.php?rest_route=%2Fwp%2Fv2%2Fcomments&post=19"}],"version-history":[{"count":4,"href":"https:\/\/bratrafik.se\/index.php?rest_route=\/wp\/v2\/pages\/19\/revisions"}],"predecessor-version":[{"id":107,"href":"https:\/\/bratrafik.se\/index.php?rest_route=\/wp\/v2\/pages\/19\/revisions\/107"}],"wp:attachment":[{"href":"https:\/\/bratrafik.se\/index.php?rest_route=%2Fwp%2Fv2%2Fmedia&parent=19"}],"curies":[{"name":"wp","href":"https:\/\/api.w.org\/{rel}","templated":true}]}}