{"id":23,"date":"2014-01-31T20:56:38","date_gmt":"2014-01-31T19:56:38","guid":{"rendered":"http:\/\/brandbergenstrafikskola.se\/wp\/?page_id=23"},"modified":"2019-10-25T08:23:17","modified_gmt":"2019-10-25T07:23:17","slug":"priser","status":"publish","type":"page","link":"https:\/\/bratrafik.se\/?page_id=23","title":{"rendered":"Priser"},"content":{"rendered":"<h3>Utbildning f\u00f6r personbil B-beh\u00f6righet<\/h3>\n<h4>Intensivkurs inkl riskettan, risktv\u00e5an (halkbana), \u00f6vningsskrivningar och datorprov p\u00e5 skolan teorib\u00f6cker samt 25 k\u00f6rlektioner 17 700:-<\/h4>\n<p>K\u00f6rlektion 40 min 595:-<br \/>\nK\u00f6rlektion 80 min 1180:-<br \/>\nTeoriboken F\u00f6rarutbildning (Liber) 390;-<br \/>\nK\u00f6rboken\u00a0 (Liber) beskriver alla k\u00f6r\u00f6vningar 300:-<\/p>\n<p>L\u00e5n av bil vid k\u00f6rprov, inkl en k\u00f6rlektion 1560:-<br \/>\nHandledarutbildning \/ Introduktionsutbildning f\u00f6r privat \u00f6vningsk\u00f6rning 500:-<br \/>\nRiskutbildning del 1 inklusive material 600:-<\/p>\n<p>Halkbana\/Risk2 1900:-<\/p>\n<p>\u00d6vningsskrivningar p\u00e4rmar samt datorprov 960:-<\/p>\n<h3>Paketpriser Pris<\/h3>\n<p>K\u00f6rlektionspaket 6 lektioner \u00e1 40 min 3470:-<br \/>\nK\u00f6rlektionspaket 12 lektioner \u00e1 40 min 6840:-<br \/>\nK\u00f6rkortspaket inkl. dataprov, \u00f6vningsskrivningar samt 10 k\u00f6rlektioner \u00e1 40 min 6960:-<br \/>\nK\u00f6rkortspaket inkl. dataprov, \u00f6vningsskrivningar samt 20 k\u00f6rlektioner \u00e1 40 min 12600:-<\/p>\n<h3>R\u00e4ntefritt l\u00e5n<\/h3>\n<p>Vi erbjuder f\u00f6rmedling av r\u00e4ntefria l\u00e5n genom Resurs Bank. Du kan l\u00e5na till k\u00f6rkortsutbildningen med en \u00e5terbetalningstid p\u00e5 upp till 24 m\u00e5nader helt r\u00e4ntefritt.<\/p>\n<p>Student? \u00c4ven du kan l\u00e5na r\u00e4ntefritt till k\u00f6rkortet.<\/p>\n<h3>Villkor<\/h3>\n<p>Ovanst\u00e5ende priser \u00e4r ett utdrag ur ordinarie prislista giltig fr\u00e5n19-10-25 med reservation f\u00f6r prisf\u00f6r\u00e4ndringar.<\/p>\n<p>Alla tj\u00e4nster skall f\u00f6rskottsbetalas eller senast betalas i samband med nyttjandet.\u00a0 F\u00f6rk\u00f6pta tj\u00e4nster \u00e4r giltiga ett \u00e5r fr\u00e5n\u00a0 k\u00f6pdatum.<\/p>\n<p>F\u00f6rbokade k\u00f6rlektioner kan avbokas eller ombokas senast kl 13:00 vardagen f\u00f6re.<\/p>\n<p>F\u00f6rbokade kurser f\u00f6rskottsbetalas senast 4 vardagar f\u00f6re kursstart. Ombokning eller avbokning av s\u00e5dan kurs skall ske senast 4 dagar f\u00f6re kursstart. Senare avbokning inneb\u00e4r full kursavgift.<\/p>\n<p>Betalning kan ske till v\u00e5rt Bankgiro 492-7026\u00a0eller p\u00e5 trafikskolan med kort eller kontant.<\/p>\n","protected":false},"excerpt":{"rendered":"<p>Utbildning f\u00f6r personbil B-beh\u00f6righet Intensivkurs inkl riskettan, risktv\u00e5an (halkbana), \u00f6vningsskrivningar och datorprov p\u00e5 skolan teorib\u00f6cker samt 25 k\u00f6rlektioner 17 700:- K\u00f6rlektion 40 min 595:- K\u00f6rlektion 80 min 1180:- Teoriboken F\u00f6rarutbildning (Liber) 390;- K\u00f6rboken\u00a0 (Liber) beskriver alla k\u00f6r\u00f6vningar 300:- L\u00e5n av bil vid k\u00f6rprov, inkl en k\u00f6rlektion 1560:- Handledarutbildning \/ Introduktionsutbildning\u2026<\/p>\n<p class=\"continue-reading-button\"> <a class=\"continue-reading-link\" href=\"https:\/\/bratrafik.se\/?page_id=23\">Continue reading<i class=\"crycon-right-dir\"><\/i><\/a><\/p>\n","protected":false},"author":1,"featured_media":0,"parent":0,"menu_order":0,"comment_status":"closed","ping_status":"closed","template":"","meta":[],"_links":{"self":[{"href":"https:\/\/bratrafik.se\/index.php?rest_route=\/wp\/v2\/pages\/23"}],"collection":[{"href":"https:\/\/bratrafik.se\/index.php?rest_route=\/wp\/v2\/pages"}],"about":[{"href":"https:\/\/bratrafik.se\/index.php?rest_route=\/wp\/v2\/types\/page"}],"author":[{"embeddable":true,"href":"https:\/\/bratrafik.se\/index.php?rest_route=\/wp\/v2\/users\/1"}],"replies":[{"embeddable":true,"href":"https:\/\/bratrafik.se\/index.php?rest_route=%2Fwp%2Fv2%2Fcomments&post=23"}],"version-history":[{"count":22,"href":"https:\/\/bratrafik.se\/index.php?rest_route=\/wp\/v2\/pages\/23\/revisions"}],"predecessor-version":[{"id":279,"href":"https:\/\/bratrafik.se\/index.php?rest_route=\/wp\/v2\/pages\/23\/revisions\/279"}],"wp:attachment":[{"href":"https:\/\/bratrafik.se\/index.php?rest_route=%2Fwp%2Fv2%2Fmedia&parent=23"}],"curies":[{"name":"wp","href":"https:\/\/api.w.org\/{rel}","templated":true}]}}