{"id":25,"date":"2014-01-31T20:56:47","date_gmt":"2014-01-31T19:56:47","guid":{"rendered":"http:\/\/brandbergenstrafikskola.se\/wp\/?page_id=25"},"modified":"2014-08-22T16:21:53","modified_gmt":"2014-08-22T15:21:53","slug":"om-oss","status":"publish","type":"page","link":"https:\/\/bratrafik.se\/?page_id=25","title":{"rendered":"Om oss"},"content":{"rendered":"<p>Brandbergens Trafikskola \u00e4r en mindre trafikskola centralt i\u00a0 Haninge d\u00e4r du f\u00e5r ett personligt och trevligt bem\u00f6tande i en trivsam atmosf\u00e4r.\u00a0 Vi \u00e4r specialiserade p\u00e5 utbildning f\u00f6r personbilsk\u00f6rkort, beh\u00f6righet B, f\u00f6r b\u00e5de\u00a0 v\u00e4xlad och automatv\u00e4xlad bil.<\/p>\n<p>V\u00e5r ambition \u00e4r att du skall f\u00e5 ditt k\u00f6rkort p\u00e5 ett s\u00e5 snabbt och\u00a0 effektivt s\u00e4tt som m\u00f6jligt samtidigt som det skall ske till b\u00e4sta pris. Och\u00a0 givetvis kan du r\u00e4kna med att du blir en s\u00e4ker f\u00f6rare med en effektiv\u00a0 k\u00f6rstil.<\/p>\n<p>F\u00f6r att \u00e5stadkomma detta erbjuder vi dig mycket erfarna l\u00e4rare som anv\u00e4nder sig av moderna pedagogiska\u00a0 arbetsmetoder. Utbildningsprogrammet anpassas helt efter din egen erfarenhet och\u00a0 f\u00f6rm\u00e5ga och du kommer att k\u00e4nna att du hela tiden g\u00f6r stora framsteg i\u00a0 utbildningen. Detta tillsammans med v\u00e4l utvalda \u00f6vningsfordon och effektiva\u00a0 hj\u00e4lpmedel, f\u00f6r att hand i hand \u00e5stadkomma din kompetens b\u00e5de k\u00f6rtekniskt och\u00a0 teoretiskt.<\/p>\n<p>Trafikskolan har en l\u00e5ng tradition i Brandbergen och har varit i\u00a0 samma regi sedan 1997.\u00a0 Vi har alla h\u00f6gsta trafikl\u00e4rarkompetens som\u00a0 utbildningsledare. V\u00e5r ambition \u00e4r att hela tiden utveckla oss genom\u00a0 fortutbildning och erfarenhetsutbyte, s\u00e5 vi kan vara starkt motiverade och\u00a0 kunniga till v\u00e5ra kunders nytta.<\/p>\n<p>Ring oss g\u00e4rna och st\u00e4ll dina k\u00f6rkortsfr\u00e5gor eller\u00a0 g\u00f6r ett bes\u00f6k (<a href=\"http:\/\/bratrafik.se\/?page_id=27\">se\u00a0 kontakt<\/a>).<\/p>\n","protected":false},"excerpt":{"rendered":"<p>Brandbergens Trafikskola \u00e4r en mindre trafikskola centralt i\u00a0 Haninge d\u00e4r du f\u00e5r ett personligt och trevligt bem\u00f6tande i en trivsam atmosf\u00e4r.\u00a0 Vi \u00e4r specialiserade p\u00e5 utbildning f\u00f6r personbilsk\u00f6rkort, beh\u00f6righet B, f\u00f6r b\u00e5de\u00a0 v\u00e4xlad och automatv\u00e4xlad bil. V\u00e5r ambition \u00e4r att du skall f\u00e5 ditt k\u00f6rkort p\u00e5 ett s\u00e5 snabbt och\u00a0\u2026<\/p>\n<p class=\"continue-reading-button\"> <a class=\"continue-reading-link\" href=\"https:\/\/bratrafik.se\/?page_id=25\">Continue reading<i class=\"crycon-right-dir\"><\/i><\/a><\/p>\n","protected":false},"author":1,"featured_media":0,"parent":0,"menu_order":0,"comment_status":"closed","ping_status":"closed","template":"","meta":[],"_links":{"self":[{"href":"https:\/\/bratrafik.se\/index.php?rest_route=\/wp\/v2\/pages\/25"}],"collection":[{"href":"https:\/\/bratrafik.se\/index.php?rest_route=\/wp\/v2\/pages"}],"about":[{"href":"https:\/\/bratrafik.se\/index.php?rest_route=\/wp\/v2\/types\/page"}],"author":[{"embeddable":true,"href":"https:\/\/bratrafik.se\/index.php?rest_route=\/wp\/v2\/users\/1"}],"replies":[{"embeddable":true,"href":"https:\/\/bratrafik.se\/index.php?rest_route=%2Fwp%2Fv2%2Fcomments&post=25"}],"version-history":[{"count":11,"href":"https:\/\/bratrafik.se\/index.php?rest_route=\/wp\/v2\/pages\/25\/revisions"}],"predecessor-version":[{"id":179,"href":"https:\/\/bratrafik.se\/index.php?rest_route=\/wp\/v2\/pages\/25\/revisions\/179"}],"wp:attachment":[{"href":"https:\/\/bratrafik.se\/index.php?rest_route=%2Fwp%2Fv2%2Fmedia&parent=25"}],"curies":[{"name":"wp","href":"https:\/\/api.w.org\/{rel}","templated":true}]}}