{"id":29,"date":"2014-01-31T20:57:07","date_gmt":"2014-01-31T19:57:07","guid":{"rendered":"http:\/\/brandbergenstrafikskola.se\/wp\/?page_id=29"},"modified":"2014-02-13T22:28:11","modified_gmt":"2014-02-13T21:28:11","slug":"lankar","status":"publish","type":"page","link":"https:\/\/bratrafik.se\/?page_id=29","title":{"rendered":"L\u00e4nkar"},"content":{"rendered":"<p><span style=\"color: #ff6820; font-family: Calibri;\"><b><a href=\"http:\/\/bratrafik.se\/wp\/wp-content\/uploads\/2014\/01\/lankar.jpg\"><img loading=\"lazy\" class=\"size-full wp-image-75 alignright\" alt=\"lankar\" src=\"http:\/\/bratrafik.se\/wp\/wp-content\/uploads\/2014\/01\/lankar.jpg\" width=\"241\" height=\"362\" srcset=\"https:\/\/bratrafik.se\/wp-content\/uploads\/2014\/01\/lankar.jpg 241w, https:\/\/bratrafik.se\/wp-content\/uploads\/2014\/01\/lankar-199x300.jpg 199w, https:\/\/bratrafik.se\/wp-content\/uploads\/2014\/01\/lankar-99x150.jpg 99w\" sizes=\"(max-width: 241px) 100vw, 241px\" \/><\/a><\/b><\/span><span style=\"color: #000000; font-family: Calibri;\"><a href=\"http:\/\/www.korkortsportalen.se\/\" target=\"_self\">K\u00f6rkortsportalen<br \/>\n<\/a>H\u00e4r du hittar all v\u00e4sentlig\u00a0 k\u00f6rkortsinformation.<\/span><\/p>\n<p><a href=\"http:\/\/transportstyrelsen.se\/sv\/Vag\/\" target=\"_self\">Transportstyrelsen <\/a><br \/>\nH\u00e4r hittar du aktuell information om\u00a0 trafikregler och v\u00e4gm\u00e4rken.<\/p>\n<p><a href=\"http:\/\/publikationswebbutik.vv.se\/Shopping\/Default____119.aspx\" target=\"_self\">Trafikverket<\/a><br \/>\nH\u00e4r hittar du bl. a informationsmaterial som du\u00a0 kan best\u00e4lla.<\/p>\n<p><span style=\"color: #000000; font-family: Arial;\"><a href=\"http:\/\/www.str.se\/\" target=\"_self\">STR \u00f6vningsk\u00f6rning och k\u00f6rkort<\/a><\/span><\/p>\n<p><a href=\"http:\/\/korkortonline.se\/\" target=\"_self\">K\u00f6rkortonline<\/a><br \/>\nSveriges st\u00f6rsta helt\u00e4ckande\u00a0 k\u00f6rkortsweppplats!<br \/>\nTesta dina teorikunskaper\u00a0 gratis!<\/p>\n","protected":false},"excerpt":{"rendered":"<p>K\u00f6rkortsportalen H\u00e4r du hittar all v\u00e4sentlig\u00a0 k\u00f6rkortsinformation. Transportstyrelsen H\u00e4r hittar du aktuell information om\u00a0 trafikregler och v\u00e4gm\u00e4rken. Trafikverket H\u00e4r hittar du bl. a informationsmaterial som du\u00a0 kan best\u00e4lla. STR \u00f6vningsk\u00f6rning och k\u00f6rkort K\u00f6rkortonline Sveriges st\u00f6rsta helt\u00e4ckande\u00a0 k\u00f6rkortsweppplats! Testa dina teorikunskaper\u00a0 gratis!<\/p>\n<p class=\"continue-reading-button\"> <a class=\"continue-reading-link\" href=\"https:\/\/bratrafik.se\/?page_id=29\">Continue reading<i class=\"crycon-right-dir\"><\/i><\/a><\/p>\n","protected":false},"author":1,"featured_media":0,"parent":0,"menu_order":0,"comment_status":"closed","ping_status":"closed","template":"","meta":[],"_links":{"self":[{"href":"https:\/\/bratrafik.se\/index.php?rest_route=\/wp\/v2\/pages\/29"}],"collection":[{"href":"https:\/\/bratrafik.se\/index.php?rest_route=\/wp\/v2\/pages"}],"about":[{"href":"https:\/\/bratrafik.se\/index.php?rest_route=\/wp\/v2\/types\/page"}],"author":[{"embeddable":true,"href":"https:\/\/bratrafik.se\/index.php?rest_route=\/wp\/v2\/users\/1"}],"replies":[{"embeddable":true,"href":"https:\/\/bratrafik.se\/index.php?rest_route=%2Fwp%2Fv2%2Fcomments&post=29"}],"version-history":[{"count":7,"href":"https:\/\/bratrafik.se\/index.php?rest_route=\/wp\/v2\/pages\/29\/revisions"}],"predecessor-version":[{"id":148,"href":"https:\/\/bratrafik.se\/index.php?rest_route=\/wp\/v2\/pages\/29\/revisions\/148"}],"wp:attachment":[{"href":"https:\/\/bratrafik.se\/index.php?rest_route=%2Fwp%2Fv2%2Fmedia&parent=29"}],"curies":[{"name":"wp","href":"https:\/\/api.w.org\/{rel}","templated":true}]}}