{"id":49,"date":"2014-01-31T21:22:36","date_gmt":"2014-01-31T20:22:36","guid":{"rendered":"http:\/\/brandbergenstrafikskola.se\/wp\/?page_id=49"},"modified":"2019-10-25T13:26:12","modified_gmt":"2019-10-25T12:26:12","slug":"intensivutbildning","status":"publish","type":"page","link":"https:\/\/bratrafik.se\/?page_id=49","title":{"rendered":"Intensivutbildning"},"content":{"rendered":"<p>Intensivutbildning erbjuds dig som vill ta k\u00f6rkort\u00a0 snabbast m\u00f6jligt med ett koncentrerat utbildningsprogram. Det inneb\u00e4r att du har\u00a0 m\u00f6jlighet att k\u00f6ra v\u00e4ldigt t\u00e4tt och samtidigt l\u00e4sa in teorin parallellt p\u00e5 kort tid. I<strong>ntensivutbildning d\u00e4r ing\u00e5r<\/strong><br \/>\n25 st k\u00f6rlektioner<br \/>\nRiskettan.<br \/>\nRisktv\u00e5an (halkbana).<br \/>\n\u00d6vningsskrivningar och datorprov (p\u00e5 skolan).<\/p>\n<p>Teorib\u00f6cker (k\u00f6rbok samt teoribok).<br \/>\nOch priset f\u00f6r allt detta \u00e4r 17700:-<\/p>\n<h3>Anm\u00e4lan<\/h3>\n<p>Bokning och r\u00e5dgivning sker enklast genom att kontakta oss p\u00e5\u00a0 telefon 08-741 17 00 eller p\u00e5 plats under kontorstid (<a href=\"http:\/\/bratrafik.se\/?page_id=27\">se\u00a0 kontakt<\/a>).<\/p>\n","protected":false},"excerpt":{"rendered":"<p>Intensivutbildning erbjuds dig som vill ta k\u00f6rkort\u00a0 snabbast m\u00f6jligt med ett koncentrerat utbildningsprogram. Det inneb\u00e4r att du har\u00a0 m\u00f6jlighet att k\u00f6ra v\u00e4ldigt t\u00e4tt och samtidigt l\u00e4sa in teorin parallellt p\u00e5 kort tid. Intensivutbildning d\u00e4r ing\u00e5r 25 st k\u00f6rlektioner Riskettan. Risktv\u00e5an (halkbana). \u00d6vningsskrivningar och datorprov (p\u00e5 skolan). Teorib\u00f6cker (k\u00f6rbok samt teoribok).\u2026<\/p>\n<p class=\"continue-reading-button\"> <a class=\"continue-reading-link\" href=\"https:\/\/bratrafik.se\/?page_id=49\">Continue reading<i class=\"crycon-right-dir\"><\/i><\/a><\/p>\n","protected":false},"author":1,"featured_media":0,"parent":0,"menu_order":0,"comment_status":"closed","ping_status":"closed","template":"","meta":[],"_links":{"self":[{"href":"https:\/\/bratrafik.se\/index.php?rest_route=\/wp\/v2\/pages\/49"}],"collection":[{"href":"https:\/\/bratrafik.se\/index.php?rest_route=\/wp\/v2\/pages"}],"about":[{"href":"https:\/\/bratrafik.se\/index.php?rest_route=\/wp\/v2\/types\/page"}],"author":[{"embeddable":true,"href":"https:\/\/bratrafik.se\/index.php?rest_route=\/wp\/v2\/users\/1"}],"replies":[{"embeddable":true,"href":"https:\/\/bratrafik.se\/index.php?rest_route=%2Fwp%2Fv2%2Fcomments&post=49"}],"version-history":[{"count":11,"href":"https:\/\/bratrafik.se\/index.php?rest_route=\/wp\/v2\/pages\/49\/revisions"}],"predecessor-version":[{"id":281,"href":"https:\/\/bratrafik.se\/index.php?rest_route=\/wp\/v2\/pages\/49\/revisions\/281"}],"wp:attachment":[{"href":"https:\/\/bratrafik.se\/index.php?rest_route=%2Fwp%2Fv2%2Fmedia&parent=49"}],"curies":[{"name":"wp","href":"https:\/\/api.w.org\/{rel}","templated":true}]}}