{"id":51,"date":"2014-01-31T21:22:48","date_gmt":"2014-01-31T20:22:48","guid":{"rendered":"http:\/\/brandbergenstrafikskola.se\/wp\/?page_id=51"},"modified":"2016-04-21T12:37:29","modified_gmt":"2016-04-21T11:37:29","slug":"handledarutbildning","status":"publish","type":"page","link":"https:\/\/bratrafik.se\/?page_id=51","title":{"rendered":"Handledarutbildning"},"content":{"rendered":"<h3>Handledarutbildning\/ Introduktionsutbildning<br \/>\nf\u00f6r\u00a0 privat \u00f6vningsk\u00f6rning<\/h3>\n<p>F\u00f6r att k\u00f6ra privat kr\u00e4vs\u00a0 att b\u00e5de\u00a0 k\u00f6rkortseleven och handledaren\u00a0 g\u00e5r en introduktionsutbildning (<a href=\"http:\/\/korkortsportalen.se\/jag-ska-vara-handledare\/\" target=\"_self\">l\u00e4s mer om nya regler<\/a>). Efter kursen kan handledaren ans\u00f6ka om\u00a0 att bli godk\u00e4nd handledare hos Transportstyrelsen f\u00f6r eleven\/eleverna.\u00a0 Utbildningen m\u00e5ste omfatta minst 180 minuter effektiv tid och utg\u00f6r d\u00e4rmed\u00a0 praktiskt ca 3,5 timmar . Utbildningen anordnas l\u00f6pande av oss.<\/p>\n<p>Best\u00e4ll blankett\/ans\u00f6k h\u00e4r:\u00a0 <a href=\"http:\/\/www.korkortsportalen.se\/e-tjanster\/\" target=\"_self\">Ans\u00f6kan handledarskap<\/a><\/p>\n<h3>Att t\u00e4nka p\u00e5!<\/h3>\n<p>\u00b7Handledaren skall\u00a0 ha fyllt 24 \u00e5r och de senaste tio \u00e5ren ha haft<br \/>\nk\u00f6rkort f\u00f6r\u00a0 fordonet i minst fem \u00e5r. Har k\u00f6rkortet varit<br \/>\n\u00e5terkallat under\u00a0 tiden (<a href=\"http:\/\/www.korkortsportalen.se\/jag-ska-vara-handledare\/handledarbevis\/ansokan\/\" target=\"_self\">l\u00e4s mer h\u00e4r<\/a>).<br \/>\n\u00b7Eleven m\u00e5ste vara minst 15 \u00e5r och 9\u00a0 m\u00e5nader f\u00f6r att f\u00e5 g\u00e5<br \/>\nutbildningen.<br \/>\n\u00b7Det kr\u00e4vs\u00a0 fullst\u00e4ndig n\u00e4rvaro under hela utbildningstillf\u00e4llet<br \/>\nf\u00f6r godk\u00e4nd\u00a0 utbildning.<br \/>\n\u00b7Genomf\u00f6rd utbildning rapporteras av trafikskolan\u00a0 till<br \/>\nmyndigheten. Rapporteringen utg\u00f6r d\u00e4rmed bilaga till\u00a0 ans\u00f6kan<br \/>\nom handledarskap. En avgift f\u00f6r\u00a0 Transportstyrelsens<br \/>\nhandl\u00e4ggning skall ocks\u00e5 betalas\u00a0 (<a href=\"http:\/\/www.korkortsportalen.se\/jag-ska-vara-handledare\/handledarbevis\/ansokan\/\" target=\"_self\">l\u00e4s mer h\u00e4r<\/a>).<\/p>\n<h3>Anm\u00e4lan<\/h3>\n<p>F\u00f6ranm\u00e4lan samt\u00a0 f\u00f6rskottsbetalning av kursavgift \u00e4r obligatoriskt samt bindande.<\/p>\n<p>Bokning sker enklast genom att kontakta oss p\u00e5 telefon<br \/>\n08-741 17 00\u00a0 eller p\u00e5 plats under kontorstid (<a href=\"http:\/\/bratrafik.se\/?page_id=27\">se\u00a0 kontakt<\/a>).<\/p>\n<p>Betalning kan ske till v\u00e5rt Bankgiro 492-7026 eller p\u00e5 trafikskolan,\u00a0 senast 4 dagar f\u00f6re kurstillf\u00e4llet.<\/p>\n<p>Avbokning av tidigare f\u00f6ranm\u00e4lan\u00a0 skall ske senast 4 dagar f\u00f6re kursstart, senare avbokning inneb\u00e4r fullt\u00a0 pris.<\/p>\n<p>Kom till kursen senast 10 minuter f\u00f6re d\u00e5 obligatorisk\u00a0 legitimationskontroll sker. Handledaren uppvisar k\u00f6rkort och eleven id-kort\u00a0 eller pass.<\/p>\n","protected":false},"excerpt":{"rendered":"<p>Handledarutbildning\/ Introduktionsutbildning f\u00f6r\u00a0 privat \u00f6vningsk\u00f6rning F\u00f6r att k\u00f6ra privat kr\u00e4vs\u00a0 att b\u00e5de\u00a0 k\u00f6rkortseleven och handledaren\u00a0 g\u00e5r en introduktionsutbildning (l\u00e4s mer om nya regler). Efter kursen kan handledaren ans\u00f6ka om\u00a0 att bli godk\u00e4nd handledare hos Transportstyrelsen f\u00f6r eleven\/eleverna.\u00a0 Utbildningen m\u00e5ste omfatta minst 180 minuter effektiv tid och utg\u00f6r d\u00e4rmed\u00a0 praktiskt ca\u2026<\/p>\n<p class=\"continue-reading-button\"> <a class=\"continue-reading-link\" href=\"https:\/\/bratrafik.se\/?page_id=51\">Continue reading<i class=\"crycon-right-dir\"><\/i><\/a><\/p>\n","protected":false},"author":1,"featured_media":0,"parent":0,"menu_order":0,"comment_status":"closed","ping_status":"closed","template":"","meta":[],"_links":{"self":[{"href":"https:\/\/bratrafik.se\/index.php?rest_route=\/wp\/v2\/pages\/51"}],"collection":[{"href":"https:\/\/bratrafik.se\/index.php?rest_route=\/wp\/v2\/pages"}],"about":[{"href":"https:\/\/bratrafik.se\/index.php?rest_route=\/wp\/v2\/types\/page"}],"author":[{"embeddable":true,"href":"https:\/\/bratrafik.se\/index.php?rest_route=\/wp\/v2\/users\/1"}],"replies":[{"embeddable":true,"href":"https:\/\/bratrafik.se\/index.php?rest_route=%2Fwp%2Fv2%2Fcomments&post=51"}],"version-history":[{"count":11,"href":"https:\/\/bratrafik.se\/index.php?rest_route=\/wp\/v2\/pages\/51\/revisions"}],"predecessor-version":[{"id":227,"href":"https:\/\/bratrafik.se\/index.php?rest_route=\/wp\/v2\/pages\/51\/revisions\/227"}],"wp:attachment":[{"href":"https:\/\/bratrafik.se\/index.php?rest_route=%2Fwp%2Fv2%2Fmedia&parent=51"}],"curies":[{"name":"wp","href":"https:\/\/api.w.org\/{rel}","templated":true}]}}