{"id":53,"date":"2014-01-31T21:23:01","date_gmt":"2014-01-31T20:23:01","guid":{"rendered":"http:\/\/brandbergenstrafikskola.se\/wp\/?page_id=53"},"modified":"2016-04-21T12:38:05","modified_gmt":"2016-04-21T11:38:05","slug":"riskutbildning","status":"publish","type":"page","link":"https:\/\/bratrafik.se\/?page_id=53","title":{"rendered":"Riskutbildning"},"content":{"rendered":"<p>Numera omfattas den obligatoriska riskutbildningen av\u00a0 tv\u00e5 delar:<\/p>\n<p>\u2022 Del 1 omfattar alkohol, andra droger, tr\u00f6tthet och\u00a0 riskfyllda<br \/>\nbeteenden i \u00f6vrigt.<br \/>\n\u2022 Del 2 \u00e4r riskutbildningens gamla del (kallas ofta halkbana). Den<br \/>\nomfattar hastighet,\u00a0 s\u00e4kerhet och k\u00f6rning under s\u00e4rskilda<br \/>\nf\u00f6rh\u00e5llanden.<\/p>\n<p>B\u00e5da\u00a0 delarna m\u00e5ste vara genomf\u00f6rda och giltiga innan du g\u00f6r kunskapsprov och k\u00f6rprov.<\/p>\n<h3>Riskutbildning del 1<\/h3>\n<p>Riskutbildningen Del 1 m\u00e5ste omfatta\u00a0 minst 180 minuter och tar ca 3,5 timmar att genomf\u00f6ra och \u00e4r giltig i 5\u00a0 \u00e5r.<br \/>\nMinimikrav f\u00f6r godk\u00e4nt genomf\u00f6rande \u00e4r obligatorisk n\u00e4rvaro under hela\u00a0 kurstillf\u00e4llet och att man deltar och tar st\u00e4llning inf\u00f6r fr\u00e5gest\u00e4llningar som\u00a0 framf\u00f6rs.<br \/>\nEfter kursen rapporteras genomf\u00f6rd riskutbildning av trafikskolan\u00a0 till Transportstyrelsen.<\/p>\n<h3>Anm\u00e4lan riskutbildning del 1<\/h3>\n<p>F\u00f6ranm\u00e4lan samt\u00a0 f\u00f6rskottsbetalning av kursavgift \u00e4r obligatoriskt samt bindande (se\u00a0 prislistan).<\/p>\n<p>Bokning sker enklast genom att kontakta oss p\u00e5 telefon<br \/>\n08-741 17 00 eller p\u00e5 plats under kontorstid (<a href=\"http:\/\/bratrafik.se\/?page_id=27\">se\u00a0 kontakt<\/a>).<\/p>\n<p>Betalning kan ske till v\u00e5rt Bankgiro 492-7026\u00a0eller p\u00e5 trafikskolan,\u00a0 senast 4 dagar f\u00f6re kurstillf\u00e4llet.<\/p>\n<p>Avbokning av tidigare f\u00f6ranm\u00e4lan\u00a0 skall ske senast 4 dagar innan kurstillf\u00e4llet, senare avbokning inneb\u00e4r fullt\u00a0 pris.<\/p>\n<p>Kom till kursen senast 10 minuter f\u00f6re d\u00e5 obligatorisk\u00a0 legitimationskontroll sker med id-kort eller pass.<\/p>\n<h3>Anm\u00e4lan riskutbildning del\u00a0 2<\/h3>\n<p>Kontakta oss f\u00f6r mer information p\u00e5 telefon 08-741 17 00\u00a0 eller p\u00e5 plats under kontorstid (<a href=\"http:\/\/bratrafik.se\/?page_id=27\">se kontakt<\/a>).<\/p>\n","protected":false},"excerpt":{"rendered":"<p>Numera omfattas den obligatoriska riskutbildningen av\u00a0 tv\u00e5 delar: \u2022 Del 1 omfattar alkohol, andra droger, tr\u00f6tthet och\u00a0 riskfyllda beteenden i \u00f6vrigt. \u2022 Del 2 \u00e4r riskutbildningens gamla del (kallas ofta halkbana). Den omfattar hastighet,\u00a0 s\u00e4kerhet och k\u00f6rning under s\u00e4rskilda f\u00f6rh\u00e5llanden. B\u00e5da\u00a0 delarna m\u00e5ste vara genomf\u00f6rda och giltiga innan du g\u00f6r\u2026<\/p>\n<p class=\"continue-reading-button\"> <a class=\"continue-reading-link\" href=\"https:\/\/bratrafik.se\/?page_id=53\">Continue reading<i class=\"crycon-right-dir\"><\/i><\/a><\/p>\n","protected":false},"author":1,"featured_media":0,"parent":0,"menu_order":0,"comment_status":"closed","ping_status":"closed","template":"","meta":[],"_links":{"self":[{"href":"https:\/\/bratrafik.se\/index.php?rest_route=\/wp\/v2\/pages\/53"}],"collection":[{"href":"https:\/\/bratrafik.se\/index.php?rest_route=\/wp\/v2\/pages"}],"about":[{"href":"https:\/\/bratrafik.se\/index.php?rest_route=\/wp\/v2\/types\/page"}],"author":[{"embeddable":true,"href":"https:\/\/bratrafik.se\/index.php?rest_route=\/wp\/v2\/users\/1"}],"replies":[{"embeddable":true,"href":"https:\/\/bratrafik.se\/index.php?rest_route=%2Fwp%2Fv2%2Fcomments&post=53"}],"version-history":[{"count":8,"href":"https:\/\/bratrafik.se\/index.php?rest_route=\/wp\/v2\/pages\/53\/revisions"}],"predecessor-version":[{"id":228,"href":"https:\/\/bratrafik.se\/index.php?rest_route=\/wp\/v2\/pages\/53\/revisions\/228"}],"wp:attachment":[{"href":"https:\/\/bratrafik.se\/index.php?rest_route=%2Fwp%2Fv2%2Fmedia&parent=53"}],"curies":[{"name":"wp","href":"https:\/\/api.w.org\/{rel}","templated":true}]}}